{"id":2745,"date":"2025-11-25T12:33:49","date_gmt":"2025-11-25T11:33:49","guid":{"rendered":"https:\/\/www.farhathachedmedical.com\/?post_type=product&#038;p=2745"},"modified":"2025-11-25T12:38:28","modified_gmt":"2025-11-25T11:38:28","slug":"tensiometre-electronique-usb-rossmax-z1","status":"publish","type":"product","link":"https:\/\/www.farhathachedmedical.com\/index.php\/produit\/tensiometre-electronique-usb-rossmax-z1\/","title":{"rendered":"TENSIOMETRE ELECTRONIQUE USB ROSSMAX Z1"},"content":{"rendered":"<p>La technologie Real Fuzzy d\u00e9termine la pression du brassard id\u00e9al en fonction de sa taille de la pression art\u00e9rielle systolique et le bras. Les utilisateurs ne doivent plus pr\u00e9r\u00e9gler le niveau de l&#8217;inflation avant la mesure. Cette technologie \u00e9limine l&#8217;inconfort de bras \u00e0 travers les param\u00e8tres d&#8217;inflation \u00e9lev\u00e9s inutiles et emp\u00eache \u00e9galement des prises inexactes caus\u00e9es par des niveaux d&#8217;inflation brassard erron\u00e9es.<\/p>\n<ul id=\"page#5\" class=\"uk-list uk-list-large uk-text-left\">\n<li class=\"el-item\">\n<div class=\"uk-grid-small uk-child-width-expand uk-flex-nowrap uk-flex-middle uk-grid\">\n<div>\n<div class=\"el-content uk-panel uk-h3\">D\u00e9tection du brassard<\/div>\n<\/div>\n<\/div>\n<\/li>\n<li class=\"el-item\">\n<div class=\"uk-grid-small uk-child-width-expand uk-flex-nowrap uk-flex-middle uk-grid\">\n<div class=\"uk-width-auto uk-first-column\"><\/div>\n<div>\n<div class=\"el-content uk-panel uk-h3\">D\u00e9tection de mouvement<\/div>\n<\/div>\n<\/div>\n<\/li>\n<li class=\"el-item\">\n<div class=\"uk-grid-small uk-child-width-expand uk-flex-nowrap uk-flex-middle uk-grid\">\n<div class=\"uk-width-auto uk-first-column\"><\/div>\n<div>\n<div class=\"el-content uk-panel uk-h3\">Technologie Real Fuzzy<\/div>\n<\/div>\n<\/div>\n<\/li>\n<li class=\"el-item\">\n<div class=\"uk-grid-small uk-child-width-expand uk-flex-nowrap uk-flex-middle uk-grid\">\n<div class=\"uk-width-auto uk-first-column\"><\/div>\n<div>\n<div class=\"el-content uk-panel uk-h3\">Indication des risques d&#8217;hypertension<\/div>\n<\/div>\n<\/div>\n<\/li>\n<li class=\"el-item\">\n<div class=\"uk-grid-small uk-child-width-expand uk-flex-nowrap uk-flex-middle uk-grid\">\n<div class=\"uk-width-auto uk-first-column\"><\/div>\n<div>\n<div class=\"el-content uk-panel uk-h3\">D\u00e9tection de battements de coeur irreguliers (IHB)<\/div>\n<\/div>\n<\/div>\n<\/li>\n<li class=\"el-item\">\n<div class=\"uk-grid-small uk-child-width-expand uk-flex-nowrap uk-flex-middle uk-grid\">\n<div class=\"uk-width-auto uk-first-column\"><\/div>\n<div>\n<div class=\"el-content uk-panel uk-h3\">Moyenne des 3 derni\u00e8res lectures<\/div>\n<\/div>\n<\/div>\n<\/li>\n<li class=\"el-item\">\n<div class=\"uk-grid-small uk-child-width-expand uk-flex-nowrap uk-flex-middle uk-grid\">\n<div class=\"uk-width-auto uk-first-column\"><\/div>\n<div>\n<div class=\"el-content uk-panel uk-h3\">90 m\u00e9moires<\/div>\n<\/div>\n<\/div>\n<\/li>\n<li class=\"el-item\">\n<div class=\"uk-grid-small uk-child-width-expand uk-flex-nowrap uk-flex-middle uk-grid\">\n<div class=\"uk-width-auto uk-first-column\"><\/div>\n<div>\n<div class=\"el-content uk-panel uk-h3\">Une touche fonctionnement automatique<\/div>\n<\/div>\n<\/div>\n<\/li>\n<li class=\"el-item\">\n<div class=\"uk-grid-small uk-child-width-expand uk-flex-nowrap uk-flex-middle uk-grid\">\n<div class=\"uk-width-auto uk-first-column\"><\/div>\n<div>\n<div class=\"el-content uk-panel uk-h3\">LCD Grande taille | 69 x 64.4 mm<\/div>\n<\/div>\n<\/div>\n<\/li>\n<li class=\"el-item\">\n<div class=\"uk-grid-small uk-child-width-expand uk-flex-nowrap uk-flex-middle uk-grid\">\n<div class=\"uk-width-auto uk-first-column\"><\/div>\n<div>\n<div class=\"el-content uk-panel uk-h3\">USB Type C port (USB Power Connector)<\/div>\n<\/div>\n<\/div>\n<\/li>\n<li class=\"el-item\">\n<div class=\"uk-grid-small uk-child-width-expand uk-flex-nowrap uk-flex-middle uk-grid\">\n<div class=\"uk-width-auto uk-first-column\"><\/div>\n<div>\n<div class=\"el-content uk-panel uk-h3\">Brassard conique universel brevet\u00e9 sans latex<\/div>\n<\/div>\n<\/div>\n<\/li>\n<li class=\"el-item\">\n<div class=\"uk-grid-small uk-child-width-expand uk-flex-nowrap uk-flex-middle uk-grid\">\n<div class=\"uk-width-auto uk-first-column\"><\/div>\n<div>\n<div class=\"el-content uk-panel uk-h3\">Calibrage \u00e0 vie<\/div>\n<\/div>\n<\/div>\n<\/li>\n<\/ul>\n","protected":false},"excerpt":{"rendered":"<p>La technologie Real Fuzzy d\u00e9termine la pression du brassard id\u00e9al en fonction de sa taille de la pression art\u00e9rielle systolique et le bras. Les utilisateurs ne doivent plus pr\u00e9r\u00e9gler le niveau de l&#8217;inflation avant la mesure. Cette technologie \u00e9limine l&#8217;inconfort de bras \u00e0 travers les param\u00e8tres d&#8217;inflation \u00e9lev\u00e9s inutiles et emp\u00eache \u00e9galement des prises inexactes [&hellip;]<\/p>\n","protected":false},"featured_media":2746,"comment_status":"open","ping_status":"closed","template":"","meta":{"_seopress_robots_primary_cat":"","_seopress_titles_title":"","_seopress_titles_desc":"","_seopress_robots_index":"","ocean_post_layout":"","ocean_both_sidebars_style":"","ocean_both_sidebars_content_width":0,"ocean_both_sidebars_sidebars_width":0,"ocean_sidebar":"0","ocean_second_sidebar":"0","ocean_disable_margins":"enable","ocean_add_body_class":"","ocean_shortcode_before_top_bar":"","ocean_shortcode_after_top_bar":"","ocean_shortcode_before_header":"","ocean_shortcode_after_header":"","ocean_has_shortcode":"","ocean_shortcode_after_title":"","ocean_shortcode_before_footer_widgets":"","ocean_shortcode_after_footer_widgets":"","ocean_shortcode_before_footer_bottom":"","ocean_shortcode_after_footer_bottom":"","ocean_display_top_bar":"default","ocean_display_header":"default","ocean_header_style":"","ocean_center_header_left_menu":"0","ocean_custom_header_template":"0","ocean_custom_logo":0,"ocean_custom_retina_logo":0,"ocean_custom_logo_max_width":0,"ocean_custom_logo_tablet_max_width":0,"ocean_custom_logo_mobile_max_width":0,"ocean_custom_logo_max_height":0,"ocean_custom_logo_tablet_max_height":0,"ocean_custom_logo_mobile_max_height":0,"ocean_header_custom_menu":"0","ocean_menu_typo_font_family":"0","ocean_menu_typo_font_subset":"","ocean_menu_typo_font_size":0,"ocean_menu_typo_font_size_tablet":0,"ocean_menu_typo_font_size_mobile":0,"ocean_menu_typo_font_size_unit":"px","ocean_menu_typo_font_weight":"","ocean_menu_typo_font_weight_tablet":"","ocean_menu_typo_font_weight_mobile":"","ocean_menu_typo_transform":"","ocean_menu_typo_transform_tablet":"","ocean_menu_typo_transform_mobile":"","ocean_menu_typo_line_height":0,"ocean_menu_typo_line_height_tablet":0,"ocean_menu_typo_line_height_mobile":0,"ocean_menu_typo_line_height_unit":"","ocean_menu_typo_spacing":0,"ocean_menu_typo_spacing_tablet":0,"ocean_menu_typo_spacing_mobile":0,"ocean_menu_typo_spacing_unit":"","ocean_menu_link_color":"","ocean_menu_link_color_hover":"","ocean_menu_link_color_active":"","ocean_menu_link_background":"","ocean_menu_link_hover_background":"","ocean_menu_link_active_background":"","ocean_menu_social_links_bg":"","ocean_menu_social_hover_links_bg":"","ocean_menu_social_links_color":"","ocean_menu_social_hover_links_color":"","ocean_disable_title":"default","ocean_disable_heading":"default","ocean_post_title":"","ocean_post_subheading":"","ocean_post_title_style":"","ocean_post_title_background_color":"","ocean_post_title_background":0,"ocean_post_title_bg_image_position":"","ocean_post_title_bg_image_attachment":"","ocean_post_title_bg_image_repeat":"","ocean_post_title_bg_image_size":"","ocean_post_title_height":0,"ocean_post_title_bg_overlay":0.5,"ocean_post_title_bg_overlay_color":"","ocean_disable_breadcrumbs":"default","ocean_breadcrumbs_color":"","ocean_breadcrumbs_separator_color":"","ocean_breadcrumbs_links_color":"","ocean_breadcrumbs_links_hover_color":"","ocean_display_footer_widgets":"default","ocean_display_footer_bottom":"default","ocean_custom_footer_template":"0"},"product_cat":[40],"product_tag":[],"class_list":{"0":"post-2745","1":"product","2":"type-product","3":"status-publish","4":"has-post-thumbnail","6":"product_cat-materiel-medical","8":"entry","9":"has-media","11":"first","12":"instock","13":"shipping-taxable","14":"purchasable","15":"product-type-simple","16":"has-product-nav","17":"col","18":"span_1_of_3","19":"owp-content-center","20":"owp-thumbs-layout-horizontal","21":"owp-btn-normal","22":"owp-tabs-layout-horizontal","23":"has-no-thumbnails"},"yoast_head":"<!-- This site is optimized with the Yoast SEO plugin v22.3 - https:\/\/yoast.com\/wordpress\/plugins\/seo\/ -->\n<title>TENSIOMETRE ELECTRONIQUE USB ROSSMAX Z1 - Farhat Hached Medical<\/title>\n<meta name=\"description\" content=\"La technologie Real Fuzzy d\u00e9termine la pression du brassard id\u00e9al en fonction de sa taille de la pression art\u00e9rielle systolique et le bras. Les utilisateurs ne doivent plus pr\u00e9r\u00e9gler le niveau de l&#039;inflation avant la mesure. Cette technologie \u00e9limine l&#039;inconfort de bras \u00e0 travers les param\u00e8tres d&#039;inflation \u00e9lev\u00e9s inutiles et emp\u00eache \u00e9galement des prises inexactes caus\u00e9es par des niveaux d&#039;inflation brassard erron\u00e9es\" \/>\n<meta name=\"robots\" content=\"index, follow, max-snippet:-1, max-image-preview:large, max-video-preview:-1\" \/>\n<link rel=\"canonical\" href=\"https:\/\/www.farhathachedmedical.com\/index.php\/produit\/tensiometre-electronique-usb-rossmax-z1\/\" \/>\n<meta property=\"og:locale\" content=\"fr_FR\" \/>\n<meta property=\"og:type\" content=\"article\" \/>\n<meta property=\"og:title\" content=\"TENSIOMETRE ELECTRONIQUE USB ROSSMAX Z1 - Farhat Hached Medical\" \/>\n<meta property=\"og:description\" content=\"La technologie Real Fuzzy d\u00e9termine la pression du brassard id\u00e9al en fonction de sa taille de la pression art\u00e9rielle systolique et le bras. Les utilisateurs ne doivent plus pr\u00e9r\u00e9gler le niveau de l&#039;inflation avant la mesure. Cette technologie \u00e9limine l&#039;inconfort de bras \u00e0 travers les param\u00e8tres d&#039;inflation \u00e9lev\u00e9s inutiles et emp\u00eache \u00e9galement des prises inexactes caus\u00e9es par des niveaux d&#039;inflation brassard erron\u00e9es\" \/>\n<meta property=\"og:url\" content=\"https:\/\/www.farhathachedmedical.com\/index.php\/produit\/tensiometre-electronique-usb-rossmax-z1\/\" \/>\n<meta property=\"og:site_name\" content=\"Farhat Hached Medical\" \/>\n<meta property=\"article:publisher\" content=\"https:\/\/www.facebook.com\/p\/Societe-farhat-hached-medical-100064641325619\/?_rdr\" \/>\n<meta property=\"article:modified_time\" content=\"2025-11-25T11:38:28+00:00\" \/>\n<meta property=\"og:image\" content=\"https:\/\/www.farhathachedmedical.com\/wp-content\/uploads\/2025\/11\/Z1_PP_000-62e10d21.webp\" \/>\n\t<meta property=\"og:image:width\" content=\"1000\" \/>\n\t<meta property=\"og:image:height\" content=\"1000\" \/>\n\t<meta property=\"og:image:type\" content=\"image\/webp\" \/>\n<meta name=\"twitter:card\" content=\"summary_large_image\" \/>\n<meta name=\"twitter:label1\" content=\"Dur\u00e9e de lecture estim\u00e9e\" \/>\n\t<meta name=\"twitter:data1\" content=\"1 minute\" \/>\n<script type=\"application\/ld+json\" class=\"yoast-schema-graph\">{\"@context\":\"https:\/\/schema.org\",\"@graph\":[{\"@type\":\"WebPage\",\"@id\":\"https:\/\/www.farhathachedmedical.com\/index.php\/produit\/tensiometre-electronique-usb-rossmax-z1\/\",\"url\":\"https:\/\/www.farhathachedmedical.com\/index.php\/produit\/tensiometre-electronique-usb-rossmax-z1\/\",\"name\":\"TENSIOMETRE ELECTRONIQUE USB ROSSMAX Z1 - Farhat Hached Medical\",\"isPartOf\":{\"@id\":\"https:\/\/www.farhathachedmedical.com\/#website\"},\"primaryImageOfPage\":{\"@id\":\"https:\/\/www.farhathachedmedical.com\/index.php\/produit\/tensiometre-electronique-usb-rossmax-z1\/#primaryimage\"},\"image\":{\"@id\":\"https:\/\/www.farhathachedmedical.com\/index.php\/produit\/tensiometre-electronique-usb-rossmax-z1\/#primaryimage\"},\"thumbnailUrl\":\"https:\/\/www.farhathachedmedical.com\/wp-content\/uploads\/2025\/11\/Z1_PP_000-62e10d21.webp\",\"datePublished\":\"2025-11-25T11:33:49+00:00\",\"dateModified\":\"2025-11-25T11:38:28+00:00\",\"description\":\"La technologie Real Fuzzy d\u00e9termine la pression du brassard id\u00e9al en fonction de sa taille de la pression art\u00e9rielle systolique et le bras. Les utilisateurs ne doivent plus pr\u00e9r\u00e9gler le niveau de l'inflation avant la mesure. Cette technologie \u00e9limine l'inconfort de bras \u00e0 travers les param\u00e8tres d'inflation \u00e9lev\u00e9s inutiles et emp\u00eache \u00e9galement des prises inexactes caus\u00e9es par des niveaux d'inflation brassard erron\u00e9es\",\"breadcrumb\":{\"@id\":\"https:\/\/www.farhathachedmedical.com\/index.php\/produit\/tensiometre-electronique-usb-rossmax-z1\/#breadcrumb\"},\"inLanguage\":\"fr-FR\",\"potentialAction\":[{\"@type\":\"ReadAction\",\"target\":[\"https:\/\/www.farhathachedmedical.com\/index.php\/produit\/tensiometre-electronique-usb-rossmax-z1\/\"]}]},{\"@type\":\"ImageObject\",\"inLanguage\":\"fr-FR\",\"@id\":\"https:\/\/www.farhathachedmedical.com\/index.php\/produit\/tensiometre-electronique-usb-rossmax-z1\/#primaryimage\",\"url\":\"https:\/\/www.farhathachedmedical.com\/wp-content\/uploads\/2025\/11\/Z1_PP_000-62e10d21.webp\",\"contentUrl\":\"https:\/\/www.farhathachedmedical.com\/wp-content\/uploads\/2025\/11\/Z1_PP_000-62e10d21.webp\",\"width\":1000,\"height\":1000,\"caption\":\"TENSIOMETRE ELECTRONIQUE Z1\"},{\"@type\":\"BreadcrumbList\",\"@id\":\"https:\/\/www.farhathachedmedical.com\/index.php\/produit\/tensiometre-electronique-usb-rossmax-z1\/#breadcrumb\",\"itemListElement\":[{\"@type\":\"ListItem\",\"position\":1,\"name\":\"Accueil\",\"item\":\"https:\/\/www.farhathachedmedical.com\/\"},{\"@type\":\"ListItem\",\"position\":2,\"name\":\"Shop\",\"item\":\"https:\/\/www.farhathachedmedical.com\/index.php\/shop\/\"},{\"@type\":\"ListItem\",\"position\":3,\"name\":\"TENSIOMETRE ELECTRONIQUE USB ROSSMAX Z1\"}]},{\"@type\":\"WebSite\",\"@id\":\"https:\/\/www.farhathachedmedical.com\/#website\",\"url\":\"https:\/\/www.farhathachedmedical.com\/\",\"name\":\"Farhat Hached Medical\",\"description\":\"\",\"publisher\":{\"@id\":\"https:\/\/www.farhathachedmedical.com\/#organization\"},\"potentialAction\":[{\"@type\":\"SearchAction\",\"target\":{\"@type\":\"EntryPoint\",\"urlTemplate\":\"https:\/\/www.farhathachedmedical.com\/?s={search_term_string}\"},\"query-input\":\"required name=search_term_string\"}],\"inLanguage\":\"fr-FR\"},{\"@type\":\"Organization\",\"@id\":\"https:\/\/www.farhathachedmedical.com\/#organization\",\"name\":\"Farhat Hached Medical\",\"url\":\"https:\/\/www.farhathachedmedical.com\/\",\"logo\":{\"@type\":\"ImageObject\",\"inLanguage\":\"fr-FR\",\"@id\":\"https:\/\/www.farhathachedmedical.com\/#\/schema\/logo\/image\/\",\"url\":\"https:\/\/www.farhathachedmedical.com\/wp-content\/uploads\/2024\/03\/cropped-Fichier-6.webp\",\"contentUrl\":\"https:\/\/www.farhathachedmedical.com\/wp-content\/uploads\/2024\/03\/cropped-Fichier-6.webp\",\"width\":594,\"height\":161,\"caption\":\"Farhat Hached Medical\"},\"image\":{\"@id\":\"https:\/\/www.farhathachedmedical.com\/#\/schema\/logo\/image\/\"},\"sameAs\":[\"https:\/\/www.facebook.com\/p\/Societe-farhat-hached-medical-100064641325619\/?_rdr\"]}]}<\/script>\n<!-- \/ Yoast SEO plugin. -->","yoast_head_json":{"title":"TENSIOMETRE ELECTRONIQUE USB ROSSMAX Z1 - Farhat Hached Medical","description":"La technologie Real Fuzzy d\u00e9termine la pression du brassard id\u00e9al en fonction de sa taille de la pression art\u00e9rielle systolique et le bras. Les utilisateurs ne doivent plus pr\u00e9r\u00e9gler le niveau de l'inflation avant la mesure. Cette technologie \u00e9limine l'inconfort de bras \u00e0 travers les param\u00e8tres d'inflation \u00e9lev\u00e9s inutiles et emp\u00eache \u00e9galement des prises inexactes caus\u00e9es par des niveaux d'inflation brassard erron\u00e9es","robots":{"index":"index","follow":"follow","max-snippet":"max-snippet:-1","max-image-preview":"max-image-preview:large","max-video-preview":"max-video-preview:-1"},"canonical":"https:\/\/www.farhathachedmedical.com\/index.php\/produit\/tensiometre-electronique-usb-rossmax-z1\/","og_locale":"fr_FR","og_type":"article","og_title":"TENSIOMETRE ELECTRONIQUE USB ROSSMAX Z1 - Farhat Hached Medical","og_description":"La technologie Real Fuzzy d\u00e9termine la pression du brassard id\u00e9al en fonction de sa taille de la pression art\u00e9rielle systolique et le bras. Les utilisateurs ne doivent plus pr\u00e9r\u00e9gler le niveau de l'inflation avant la mesure. Cette technologie \u00e9limine l'inconfort de bras \u00e0 travers les param\u00e8tres d'inflation \u00e9lev\u00e9s inutiles et emp\u00eache \u00e9galement des prises inexactes caus\u00e9es par des niveaux d'inflation brassard erron\u00e9es","og_url":"https:\/\/www.farhathachedmedical.com\/index.php\/produit\/tensiometre-electronique-usb-rossmax-z1\/","og_site_name":"Farhat Hached Medical","article_publisher":"https:\/\/www.facebook.com\/p\/Societe-farhat-hached-medical-100064641325619\/?_rdr","article_modified_time":"2025-11-25T11:38:28+00:00","og_image":[{"width":1000,"height":1000,"url":"https:\/\/www.farhathachedmedical.com\/wp-content\/uploads\/2025\/11\/Z1_PP_000-62e10d21.webp","type":"image\/webp"}],"twitter_card":"summary_large_image","twitter_misc":{"Dur\u00e9e de lecture estim\u00e9e":"1 minute"},"schema":{"@context":"https:\/\/schema.org","@graph":[{"@type":"WebPage","@id":"https:\/\/www.farhathachedmedical.com\/index.php\/produit\/tensiometre-electronique-usb-rossmax-z1\/","url":"https:\/\/www.farhathachedmedical.com\/index.php\/produit\/tensiometre-electronique-usb-rossmax-z1\/","name":"TENSIOMETRE ELECTRONIQUE USB ROSSMAX Z1 - Farhat Hached Medical","isPartOf":{"@id":"https:\/\/www.farhathachedmedical.com\/#website"},"primaryImageOfPage":{"@id":"https:\/\/www.farhathachedmedical.com\/index.php\/produit\/tensiometre-electronique-usb-rossmax-z1\/#primaryimage"},"image":{"@id":"https:\/\/www.farhathachedmedical.com\/index.php\/produit\/tensiometre-electronique-usb-rossmax-z1\/#primaryimage"},"thumbnailUrl":"https:\/\/www.farhathachedmedical.com\/wp-content\/uploads\/2025\/11\/Z1_PP_000-62e10d21.webp","datePublished":"2025-11-25T11:33:49+00:00","dateModified":"2025-11-25T11:38:28+00:00","description":"La technologie Real Fuzzy d\u00e9termine la pression du brassard id\u00e9al en fonction de sa taille de la pression art\u00e9rielle systolique et le bras. Les utilisateurs ne doivent plus pr\u00e9r\u00e9gler le niveau de l'inflation avant la mesure. Cette technologie \u00e9limine l'inconfort de bras \u00e0 travers les param\u00e8tres d'inflation \u00e9lev\u00e9s inutiles et emp\u00eache \u00e9galement des prises inexactes caus\u00e9es par des niveaux d'inflation brassard erron\u00e9es","breadcrumb":{"@id":"https:\/\/www.farhathachedmedical.com\/index.php\/produit\/tensiometre-electronique-usb-rossmax-z1\/#breadcrumb"},"inLanguage":"fr-FR","potentialAction":[{"@type":"ReadAction","target":["https:\/\/www.farhathachedmedical.com\/index.php\/produit\/tensiometre-electronique-usb-rossmax-z1\/"]}]},{"@type":"ImageObject","inLanguage":"fr-FR","@id":"https:\/\/www.farhathachedmedical.com\/index.php\/produit\/tensiometre-electronique-usb-rossmax-z1\/#primaryimage","url":"https:\/\/www.farhathachedmedical.com\/wp-content\/uploads\/2025\/11\/Z1_PP_000-62e10d21.webp","contentUrl":"https:\/\/www.farhathachedmedical.com\/wp-content\/uploads\/2025\/11\/Z1_PP_000-62e10d21.webp","width":1000,"height":1000,"caption":"TENSIOMETRE ELECTRONIQUE Z1"},{"@type":"BreadcrumbList","@id":"https:\/\/www.farhathachedmedical.com\/index.php\/produit\/tensiometre-electronique-usb-rossmax-z1\/#breadcrumb","itemListElement":[{"@type":"ListItem","position":1,"name":"Accueil","item":"https:\/\/www.farhathachedmedical.com\/"},{"@type":"ListItem","position":2,"name":"Shop","item":"https:\/\/www.farhathachedmedical.com\/index.php\/shop\/"},{"@type":"ListItem","position":3,"name":"TENSIOMETRE ELECTRONIQUE USB ROSSMAX Z1"}]},{"@type":"WebSite","@id":"https:\/\/www.farhathachedmedical.com\/#website","url":"https:\/\/www.farhathachedmedical.com\/","name":"Farhat Hached Medical","description":"","publisher":{"@id":"https:\/\/www.farhathachedmedical.com\/#organization"},"potentialAction":[{"@type":"SearchAction","target":{"@type":"EntryPoint","urlTemplate":"https:\/\/www.farhathachedmedical.com\/?s={search_term_string}"},"query-input":"required name=search_term_string"}],"inLanguage":"fr-FR"},{"@type":"Organization","@id":"https:\/\/www.farhathachedmedical.com\/#organization","name":"Farhat Hached Medical","url":"https:\/\/www.farhathachedmedical.com\/","logo":{"@type":"ImageObject","inLanguage":"fr-FR","@id":"https:\/\/www.farhathachedmedical.com\/#\/schema\/logo\/image\/","url":"https:\/\/www.farhathachedmedical.com\/wp-content\/uploads\/2024\/03\/cropped-Fichier-6.webp","contentUrl":"https:\/\/www.farhathachedmedical.com\/wp-content\/uploads\/2024\/03\/cropped-Fichier-6.webp","width":594,"height":161,"caption":"Farhat Hached Medical"},"image":{"@id":"https:\/\/www.farhathachedmedical.com\/#\/schema\/logo\/image\/"},"sameAs":["https:\/\/www.facebook.com\/p\/Societe-farhat-hached-medical-100064641325619\/?_rdr"]}]}},"_links":{"self":[{"href":"https:\/\/www.farhathachedmedical.com\/index.php\/wp-json\/wp\/v2\/product\/2745","targetHints":{"allow":["GET"]}}],"collection":[{"href":"https:\/\/www.farhathachedmedical.com\/index.php\/wp-json\/wp\/v2\/product"}],"about":[{"href":"https:\/\/www.farhathachedmedical.com\/index.php\/wp-json\/wp\/v2\/types\/product"}],"replies":[{"embeddable":true,"href":"https:\/\/www.farhathachedmedical.com\/index.php\/wp-json\/wp\/v2\/comments?post=2745"}],"wp:featuredmedia":[{"embeddable":true,"href":"https:\/\/www.farhathachedmedical.com\/index.php\/wp-json\/wp\/v2\/media\/2746"}],"wp:attachment":[{"href":"https:\/\/www.farhathachedmedical.com\/index.php\/wp-json\/wp\/v2\/media?parent=2745"}],"wp:term":[{"taxonomy":"product_cat","embeddable":true,"href":"https:\/\/www.farhathachedmedical.com\/index.php\/wp-json\/wp\/v2\/product_cat?post=2745"},{"taxonomy":"product_tag","embeddable":true,"href":"https:\/\/www.farhathachedmedical.com\/index.php\/wp-json\/wp\/v2\/product_tag?post=2745"}],"curies":[{"name":"wp","href":"https:\/\/api.w.org\/{rel}","templated":true}]}}